{"id":8,"date":"2018-07-21T14:21:52","date_gmt":"2018-07-21T14:21:52","guid":{"rendered":"http:\/\/www.lillgammal.se\/?page_id=8"},"modified":"2018-07-21T14:22:05","modified_gmt":"2018-07-21T14:22:05","slug":"8-2","status":"publish","type":"page","link":"https:\/\/www.lillgammal.se\/?page_id=8","title":{"rendered":"Om mig"},"content":{"rendered":"<p>Hej jag heter Malin och \u00e4r 21 \u00e5r gammal. Jag driver denna blogg som handlar om mig och mina tankar i livet men mycket mer \u00e4n s\u00e5 f\u00f6rst\u00e5s. Jag har sedan jag kunde g\u00e5 blivit kallat &#8221;lillgammal&#8221; och d\u00e4rf\u00f6r tyckte jag att det var solklart att bloggen skulle heta lillgammal! Jag hoppas verkligen att ni finner mina inl\u00e4gg intressanta och att ni trivs h\u00e4r. En stor kram till er alla fr\u00e5n mig, ha det b\u00e4st och njut av sommaren!<\/p>\n<p>\/Malin<\/p>\n","protected":false},"excerpt":{"rendered":"<p>Hej jag heter Malin och \u00e4r 21 \u00e5r gammal. Jag driver denna blogg som handlar om mig och mina tankar i livet men mycket mer&hellip;<\/p>\n","protected":false},"author":1,"featured_media":0,"parent":0,"menu_order":0,"comment_status":"closed","ping_status":"closed","template":"","meta":[],"_links":{"self":[{"href":"https:\/\/www.lillgammal.se\/index.php?rest_route=\/wp\/v2\/pages\/8"}],"collection":[{"href":"https:\/\/www.lillgammal.se\/index.php?rest_route=\/wp\/v2\/pages"}],"about":[{"href":"https:\/\/www.lillgammal.se\/index.php?rest_route=\/wp\/v2\/types\/page"}],"author":[{"embeddable":true,"href":"https:\/\/www.lillgammal.se\/index.php?rest_route=\/wp\/v2\/users\/1"}],"replies":[{"embeddable":true,"href":"https:\/\/www.lillgammal.se\/index.php?rest_route=%2Fwp%2Fv2%2Fcomments&post=8"}],"version-history":[{"count":2,"href":"https:\/\/www.lillgammal.se\/index.php?rest_route=\/wp\/v2\/pages\/8\/revisions"}],"predecessor-version":[{"id":10,"href":"https:\/\/www.lillgammal.se\/index.php?rest_route=\/wp\/v2\/pages\/8\/revisions\/10"}],"wp:attachment":[{"href":"https:\/\/www.lillgammal.se\/index.php?rest_route=%2Fwp%2Fv2%2Fmedia&parent=8"}],"curies":[{"name":"wp","href":"https:\/\/api.w.org\/{rel}","templated":true}]}}